{"id":116,"date":"2021-11-03T14:38:50","date_gmt":"2021-11-03T11:38:50","guid":{"rendered":"http:\/\/2141499.artpal.web.hosting-test.net\/?page_id=116"},"modified":"2023-07-10T11:22:55","modified_gmt":"2023-07-10T08:22:55","slug":"startseite","status":"publish","type":"page","link":"https:\/\/vinati.de\/en\/","title":{"rendered":"Home"},"content":{"rendered":"","protected":false},"excerpt":{"rendered":"","protected":false},"author":1,"featured_media":0,"parent":0,"menu_order":0,"comment_status":"closed","ping_status":"closed","template":"","meta":{"content-type":"","footnotes":""},"class_list":["post-116","page","type-page","status-publish","hentry"],"acf":[],"yoast_head":"<!-- This site is optimized with the Yoast SEO plugin v27.4 - https:\/\/yoast.com\/product\/yoast-seo-wordpress\/ -->\n<title>Vinati - Stuttgart based marketing agency<\/title>\n<meta name=\"description\" content=\"Vinati - Kommunikationstechnologien mit hoher Designqualit\u00e4t. Herausragende Marken entstehen durch die Verschmelzung von Inhalt, Form und Haltung. Staatliche F\u00f6rdergelder f\u00fcr Ihr digitales Projekt. Kontaktieren Sie uns jetzt.\" \/>\n<meta name=\"robots\" content=\"index, follow, max-snippet:-1, max-image-preview:large, max-video-preview:-1\" \/>\n<link rel=\"canonical\" href=\"https:\/\/vinati.de\/\" \/>\n<meta property=\"og:locale\" content=\"en_US\" \/>\n<meta property=\"og:type\" content=\"article\" \/>\n<meta property=\"og:title\" content=\"Vinati - Stuttgart based marketing agency\" \/>\n<meta property=\"og:description\" content=\"Vinati - Kommunikationstechnologien mit hoher Designqualit\u00e4t. Herausragende Marken entstehen durch die Verschmelzung von Inhalt, Form und Haltung. Staatliche F\u00f6rdergelder f\u00fcr Ihr digitales Projekt. Kontaktieren Sie uns jetzt.\" \/>\n<meta property=\"og:url\" content=\"https:\/\/vinati.de\/\" \/>\n<meta property=\"og:site_name\" content=\"Vinati\" \/>\n<meta property=\"article:modified_time\" content=\"2023-07-10T08:22:55+00:00\" \/>\n<meta name=\"twitter:card\" content=\"summary_large_image\" \/>\n<script type=\"application\/ld+json\" class=\"yoast-schema-graph\">{\"@context\":\"https:\\\/\\\/schema.org\",\"@graph\":[{\"@type\":\"WebPage\",\"@id\":\"https:\\\/\\\/vinati.de\\\/\",\"url\":\"https:\\\/\\\/vinati.de\\\/\",\"name\":\"Vinati - Stuttgart based marketing agency\",\"isPartOf\":{\"@id\":\"https:\\\/\\\/vinati.de\\\/#website\"},\"datePublished\":\"2021-11-03T11:38:50+00:00\",\"dateModified\":\"2023-07-10T08:22:55+00:00\",\"description\":\"Vinati - Kommunikationstechnologien mit hoher Designqualit\u00e4t. Herausragende Marken entstehen durch die Verschmelzung von Inhalt, Form und Haltung. Staatliche F\u00f6rdergelder f\u00fcr Ihr digitales Projekt. Kontaktieren Sie uns jetzt.\",\"breadcrumb\":{\"@id\":\"https:\\\/\\\/vinati.de\\\/#breadcrumb\"},\"inLanguage\":\"en-US\",\"potentialAction\":[{\"@type\":\"ReadAction\",\"target\":[\"https:\\\/\\\/vinati.de\\\/\"]}]},{\"@type\":\"BreadcrumbList\",\"@id\":\"https:\\\/\\\/vinati.de\\\/#breadcrumb\",\"itemListElement\":[{\"@type\":\"ListItem\",\"position\":1,\"name\":\"Home\",\"item\":\"https:\\\/\\\/vinati.de\\\/\"},{\"@type\":\"ListItem\",\"position\":2,\"name\":\"Startseite\"}]},{\"@type\":\"WebSite\",\"@id\":\"https:\\\/\\\/vinati.de\\\/#website\",\"url\":\"https:\\\/\\\/vinati.de\\\/\",\"name\":\"Vinati.de\",\"description\":\"Stuttgart based marketing agency\",\"publisher\":{\"@id\":\"https:\\\/\\\/vinati.de\\\/#organization\"},\"potentialAction\":[{\"@type\":\"SearchAction\",\"target\":{\"@type\":\"EntryPoint\",\"urlTemplate\":\"https:\\\/\\\/vinati.de\\\/?s={search_term_string}\"},\"query-input\":{\"@type\":\"PropertyValueSpecification\",\"valueRequired\":true,\"valueName\":\"search_term_string\"}}],\"inLanguage\":\"en-US\"},{\"@type\":\"Organization\",\"@id\":\"https:\\\/\\\/vinati.de\\\/#organization\",\"name\":\"Vinati GmbH\",\"url\":\"https:\\\/\\\/vinati.de\\\/\",\"logo\":{\"@type\":\"ImageObject\",\"inLanguage\":\"en-US\",\"@id\":\"https:\\\/\\\/vinati.de\\\/#\\\/schema\\\/logo\\\/image\\\/\",\"url\":\"https:\\\/\\\/vinati.de\\\/wp-content\\\/uploads\\\/2023\\\/05\\\/Vinati-Logo-2021-svg.svg\",\"contentUrl\":\"https:\\\/\\\/vinati.de\\\/wp-content\\\/uploads\\\/2023\\\/05\\\/Vinati-Logo-2021-svg.svg\",\"width\":1,\"height\":1,\"caption\":\"Vinati GmbH\"},\"image\":{\"@id\":\"https:\\\/\\\/vinati.de\\\/#\\\/schema\\\/logo\\\/image\\\/\"},\"sameAs\":[\"https:\\\/\\\/instagram.com\\\/vinatigmbh\"]}]}<\/script>\n<!-- \/ Yoast SEO plugin. -->","yoast_head_json":{"title":"Vinati - Stuttgart based marketing agency","description":"Vinati - Kommunikationstechnologien mit hoher Designqualit\u00e4t. Herausragende Marken entstehen durch die Verschmelzung von Inhalt, Form und Haltung. Staatliche F\u00f6rdergelder f\u00fcr Ihr digitales Projekt. Kontaktieren Sie uns jetzt.","robots":{"index":"index","follow":"follow","max-snippet":"max-snippet:-1","max-image-preview":"max-image-preview:large","max-video-preview":"max-video-preview:-1"},"canonical":"https:\/\/vinati.de\/","og_locale":"en_US","og_type":"article","og_title":"Vinati - Stuttgart based marketing agency","og_description":"Vinati - Kommunikationstechnologien mit hoher Designqualit\u00e4t. Herausragende Marken entstehen durch die Verschmelzung von Inhalt, Form und Haltung. Staatliche F\u00f6rdergelder f\u00fcr Ihr digitales Projekt. Kontaktieren Sie uns jetzt.","og_url":"https:\/\/vinati.de\/","og_site_name":"Vinati","article_modified_time":"2023-07-10T08:22:55+00:00","twitter_card":"summary_large_image","schema":{"@context":"https:\/\/schema.org","@graph":[{"@type":"WebPage","@id":"https:\/\/vinati.de\/","url":"https:\/\/vinati.de\/","name":"Vinati - Stuttgart based marketing agency","isPartOf":{"@id":"https:\/\/vinati.de\/#website"},"datePublished":"2021-11-03T11:38:50+00:00","dateModified":"2023-07-10T08:22:55+00:00","description":"Vinati - Kommunikationstechnologien mit hoher Designqualit\u00e4t. Herausragende Marken entstehen durch die Verschmelzung von Inhalt, Form und Haltung. Staatliche F\u00f6rdergelder f\u00fcr Ihr digitales Projekt. Kontaktieren Sie uns jetzt.","breadcrumb":{"@id":"https:\/\/vinati.de\/#breadcrumb"},"inLanguage":"en-US","potentialAction":[{"@type":"ReadAction","target":["https:\/\/vinati.de\/"]}]},{"@type":"BreadcrumbList","@id":"https:\/\/vinati.de\/#breadcrumb","itemListElement":[{"@type":"ListItem","position":1,"name":"Home","item":"https:\/\/vinati.de\/"},{"@type":"ListItem","position":2,"name":"Startseite"}]},{"@type":"WebSite","@id":"https:\/\/vinati.de\/#website","url":"https:\/\/vinati.de\/","name":"Vinati.de","description":"Stuttgart based marketing agency","publisher":{"@id":"https:\/\/vinati.de\/#organization"},"potentialAction":[{"@type":"SearchAction","target":{"@type":"EntryPoint","urlTemplate":"https:\/\/vinati.de\/?s={search_term_string}"},"query-input":{"@type":"PropertyValueSpecification","valueRequired":true,"valueName":"search_term_string"}}],"inLanguage":"en-US"},{"@type":"Organization","@id":"https:\/\/vinati.de\/#organization","name":"Vinati GmbH","url":"https:\/\/vinati.de\/","logo":{"@type":"ImageObject","inLanguage":"en-US","@id":"https:\/\/vinati.de\/#\/schema\/logo\/image\/","url":"https:\/\/vinati.de\/wp-content\/uploads\/2023\/05\/Vinati-Logo-2021-svg.svg","contentUrl":"https:\/\/vinati.de\/wp-content\/uploads\/2023\/05\/Vinati-Logo-2021-svg.svg","width":1,"height":1,"caption":"Vinati GmbH"},"image":{"@id":"https:\/\/vinati.de\/#\/schema\/logo\/image\/"},"sameAs":["https:\/\/instagram.com\/vinatigmbh"]}]}},"_links":{"self":[{"href":"https:\/\/vinati.de\/en\/wp-json\/wp\/v2\/pages\/116","targetHints":{"allow":["GET"]}}],"collection":[{"href":"https:\/\/vinati.de\/en\/wp-json\/wp\/v2\/pages"}],"about":[{"href":"https:\/\/vinati.de\/en\/wp-json\/wp\/v2\/types\/page"}],"author":[{"embeddable":true,"href":"https:\/\/vinati.de\/en\/wp-json\/wp\/v2\/users\/1"}],"replies":[{"embeddable":true,"href":"https:\/\/vinati.de\/en\/wp-json\/wp\/v2\/comments?post=116"}],"version-history":[{"count":97,"href":"https:\/\/vinati.de\/en\/wp-json\/wp\/v2\/pages\/116\/revisions"}],"predecessor-version":[{"id":1062,"href":"https:\/\/vinati.de\/en\/wp-json\/wp\/v2\/pages\/116\/revisions\/1062"}],"wp:attachment":[{"href":"https:\/\/vinati.de\/en\/wp-json\/wp\/v2\/media?parent=116"}],"curies":[{"name":"wp","href":"https:\/\/api.w.org\/{rel}","templated":true}]}}